{"id":1181,"date":"2026-02-14T19:13:08","date_gmt":"2026-02-14T17:13:08","guid":{"rendered":"https:\/\/fixed.com.cy\/?page_id=1181"},"modified":"2026-02-18T20:57:59","modified_gmt":"2026-02-18T18:57:59","slug":"machinery-equipment-services","status":"publish","type":"page","link":"https:\/\/fixed.com.cy\/pl\/services\/machinery-equipment-services\/","title":{"rendered":"Maszyny &amp; Us\u0142ugi zwi\u0105zane z wyposa\u017ceniem"},"content":{"rendered":"","protected":false},"excerpt":{"rendered":"","protected":false},"author":1,"featured_media":1201,"parent":16,"menu_order":0,"comment_status":"closed","ping_status":"closed","template":"","meta":{"_seopress_robots_primary_cat":"","_seopress_titles_title":"Disinfection Services: Keep Your Space Hygienically Safe","_seopress_titles_desc":"Ensure health and safety with our targeted disinfection using hospital-grade products. Ideal for homes, offices, and high-traffic areas.","_seopress_robots_index":"","footnotes":""},"class_list":["post-1181","page","type-page","status-publish","has-post-thumbnail","hentry"],"_links":{"self":[{"href":"https:\/\/fixed.com.cy\/pl\/wp-json\/wp\/v2\/pages\/1181","targetHints":{"allow":["GET"]}}],"collection":[{"href":"https:\/\/fixed.com.cy\/pl\/wp-json\/wp\/v2\/pages"}],"about":[{"href":"https:\/\/fixed.com.cy\/pl\/wp-json\/wp\/v2\/types\/page"}],"author":[{"embeddable":true,"href":"https:\/\/fixed.com.cy\/pl\/wp-json\/wp\/v2\/users\/1"}],"replies":[{"embeddable":true,"href":"https:\/\/fixed.com.cy\/pl\/wp-json\/wp\/v2\/comments?post=1181"}],"version-history":[{"count":9,"href":"https:\/\/fixed.com.cy\/pl\/wp-json\/wp\/v2\/pages\/1181\/revisions"}],"predecessor-version":[{"id":1226,"href":"https:\/\/fixed.com.cy\/pl\/wp-json\/wp\/v2\/pages\/1181\/revisions\/1226"}],"up":[{"embeddable":true,"href":"https:\/\/fixed.com.cy\/pl\/wp-json\/wp\/v2\/pages\/16"}],"wp:featuredmedia":[{"embeddable":true,"href":"https:\/\/fixed.com.cy\/pl\/wp-json\/wp\/v2\/media\/1201"}],"wp:attachment":[{"href":"https:\/\/fixed.com.cy\/pl\/wp-json\/wp\/v2\/media?parent=1181"}],"curies":[{"name":"wp","href":"https:\/\/api.w.org\/{rel}","templated":true}]}}